{"id":61,"date":"2018-07-20T16:36:56","date_gmt":"2018-07-20T15:36:56","guid":{"rendered":"http:\/\/www.redseaaccountants.com\/fr\/?page_id=61"},"modified":"2020-04-15T17:25:56","modified_gmt":"2020-04-15T16:25:56","slug":"politique-de-confidentialite","status":"publish","type":"page","link":"https:\/\/www.redseaaccountants.com\/fr\/politique-de-confidentialite\/","title":{"rendered":"Politique de confidentialit\u00e9"},"content":{"rendered":"<h1>Charte de protection des donn\u00e9es personnelles<\/h1>\n<p>Conform\u00e9ment au r\u00e8glement europ\u00e9en 2016\/679 du 27 avril 2016<\/p>\n<p>(dit \u00ab r\u00e8glement g\u00e9n\u00e9ral sur la protection des donn\u00e9es \u00bb ou RGPD)<\/p>\n<p>La pr\u00e9sente charte de protection des donn\u00e9es \u00e0 caract\u00e8re personnel d\u00e9crit l\u2019engagement du site <em>Red Sea Accountants &#8211; <\/em>\u00e9dit\u00e9 par MR Mamoun en tant que responsable de traitement eu \u00e9gard au respect de la vie priv\u00e9e et \u00e0 la protection des donn\u00e9es \u00e0 caract\u00e8re personnel de ses utilisateurs. Cette Charte a \u00e9t\u00e9 r\u00e9dig\u00e9e pour vous permettre de prendre connaissance des pratiques et des conditions dans lesquelles\u00a0<em>Red Sea Accountants &#8211;<\/em> recueille, utilise et conserve vos donn\u00e9es \u00e0 caract\u00e8re personnel.<\/p>\n<p>Vous y trouverez la description des diff\u00e9rentes donn\u00e9es que nous pouvons collecter et traiter ou que vous pouvez nous transmettre lorsque vous acc\u00e9dez et\/ou utilisez le site <em>Red Sea Accountants &#8211;<\/em> (le \u00ab site \u00bb). Le terme \u00ab site \u00bb d\u00e9signe seulement le site http:\/\/www.redseaaccountants.com\/fr\/<\/p>\n<p><em>[Version du 28\/06\/2018]<\/em><\/p>\n<h3><strong>Quelles donn\u00e9es \u00e0 caract\u00e8re personnel collectons-nous et pourquoi ?<\/strong><\/h3>\n<p>Nous collectons des donn\u00e9es \u00e0 caract\u00e8re personnel directement \u00e0 partir des donn\u00e9es que vous nous donnez lorsque vous remplissez notre formulaire de contact (<strong>votre nom, adresse \u00e9lectronique<\/strong>).<\/p>\n<p>Nous pouvons collecter des informations lorsque vous nous appelez ou envoyez tout message.<\/p>\n<p>Les informations li\u00e9es \u00e0 l&rsquo;utilisation du site\u00a0 peuvent aussi \u00eatre collect\u00e9es via des cookies (comme <strong>votre adresse IP, type de navigateur et syst\u00e8me d&rsquo;exploitation<\/strong>, <strong>pages et informations consult\u00e9es<\/strong> lors de l&rsquo;utilisation de notre site Web [fr\u00e9quence et horaire] et, si vous arrivez sur notre site en cliquant sur un lien \u00e0 partir d&rsquo;un autre site Web, l&rsquo;URL de la page avec le lien).<\/p>\n<p>L&rsquo;objectif de la collecte de donn\u00e9es \u00e0 caract\u00e8re personnel est le suivant :<\/p>\n<ul>\n<li>traiter vos demandes faites via le formulaire de contact,<\/li>\n<li>am\u00e9liorer la conception, la mise en page et la fonctionnalit\u00e9 globale de notre site Web.<\/li>\n<\/ul>\n<p>Lorsque nous traitons ces donn\u00e9es dans ce but, nous nous assurons toujours que vos donn\u00e9es \u00e0 caract\u00e8re personnel sont prot\u00e9g\u00e9es.<\/p>\n<p>Vous avez le droit de vous opposer \u00e0 ce traitement si vous le souhaitez, dans ce cas veuillez le signaler \u00e0 cette adresse mail :\u00a0\u00a0info @redseaaccountants.com<\/p>\n<h3><strong>Comment utilisons-nous vos donn\u00e9es \u00e0 caract\u00e8re personnel et combien de temps les conservons-nous ?<\/strong><\/h3>\n<p>Nous pouvons traiter vos donn\u00e9es \u00e0 caract\u00e8re personnel dans notre int\u00e9r\u00eat commercial l\u00e9gitime, qui inclut\u00a0 ce qui suit :<\/p>\n<ul>\n<li><strong>am\u00e9liorer la s\u00e9curit\u00e9 de notre r\u00e9seau et de nos syst\u00e8mes d&rsquo;information,<\/strong><\/li>\n<li><strong>mieux comprendre comment les personnes interagissent sur notre site,<\/strong><\/li>\n<\/ul>\n<p>Nous ne conserverons pas vos donn\u00e9es \u00e0 caract\u00e8re personnel plus longtemps que n\u00e9cessaire dans le but pour lequel elles ont \u00e9t\u00e9 fournies<\/p>\n<ul>\n<li>Si vous utilisez le formulaire de contact, nous archivons votre message, votre nom et adresse email dans nos courriels.<\/li>\n<li>Les cookies sont conserv\u00e9s un mois.<\/li>\n<\/ul>\n<p><strong>Vos donn\u00e9es \u00e0 caract\u00e8re personnel sont stock\u00e9es en France, sur un serveur s\u00e9curis\u00e9<\/strong>, fourni par notre h\u00e9bergeur.<\/p>\n<p>Notre h\u00e9bergeur est la\u00a0 soci\u00e9t\u00e9 OVH SAS, RCS Lille M\u00e9tropole 424 761 419 00045, Code APE 2620Z, N\u00b0 TVA : FR 22 424 761 419, Si\u00e8ge social : 2 rue Kellermann &#8211; 59100 Roubaix &#8211; France<\/p>\n<p><strong>Nous ne\u00a0 divulguons pas vos donn\u00e9es \u00e0 caract\u00e8re personnel \u00e0 des sous-traitants au sein et en dehors de l&rsquo;Union Europ\u00e9enne \u00e0 des fins de marketing ou autre.<br \/>\n<\/strong><\/p>\n<p><strong>Nous divulgue vos donn\u00e9es \u00e0 caract\u00e8re personnel aux prestataires suivants, indispensables <\/strong><strong>\u00e0 l&rsquo;am\u00e9lioration de votre navigation sur le site<br \/>\n<\/strong><\/p>\n<ul>\n<li><strong>Google Analytics<\/strong> (adresse IP) pour comprendre vos interactions avec le site web (pas \u00e0 des fins publicitaires)<\/li>\n<\/ul>\n<p>Google Analytics s&rsquo;engage \u00e0 respecter le cadre du RGPD, selon les chartes consultables sur leurs sites.<\/p>\n<p>Nous pouvons \u00e9galement divulguer vos donn\u00e9es \u00e0 caract\u00e8re personnel pour respecter des obligations juridiques et prot\u00e9ger votre int\u00e9r\u00eat vital ou celui d&rsquo;une autre personne physique.<\/p>\n<h3><strong>Utilisation des \u00ab\u00a0Cookies\u00a0\u00bb<\/strong><\/h3>\n<p>Les \u00ab\u00a0Cookies\u00a0\u00bb sont des informations stock\u00e9es par votre moteur de recherche sur le disque dur de votre ordinateur.<\/p>\n<p>Les \u00ab\u00a0Cookies\u00a0\u00bb ne contiennent aucune information personnelle. La plupart des moteurs de recherche sur Internet acceptent les \u00ab\u00a0Cookies\u00a0\u00bb, mais vous pouvez normalement vous prot\u00e9ger des \u00ab\u00a0Cookies\u00a0\u00bb en changeant les propri\u00e9t\u00e9s de votre moteur de recherche.<\/p>\n<p>Un \u00ab\u00a0cookie\u00a0\u00bb vous permet de surfer sur le site, de mettre des cartes cadeau dans votre panier et ensuite d&rsquo;y retourner quelques jours plus tard l\u00e0 o\u00f9 vous l&rsquo;avez laiss\u00e9.<\/p>\n<p>Les \u00ab\u00a0Cookies\u00a0\u00bb nous aident \u00e0 un meilleur fonctionnement de notre site internet en nous permettant d\u2019analyser ses disfonctionnalit\u00e9s. Soyez assur\u00e9s qu\u2019en acceptant un Cookie ceci ne nous donne \u00e0 aucun moment l&rsquo;acc\u00e8s \u00e0 votre ordinateur ou \u00e0 vos donn\u00e9es personnelles.<\/p>\n<ul>\n<li><strong>Les cookies dits \u00ab n\u00e9cessaires \u00bb<\/strong> sont ceux qui vous permettent de naviguer dans le site et d&rsquo;utiliser ses fonctions (comme l&rsquo;acc\u00e8s aux zones s\u00e9curis\u00e9es du site). Sans ces cookies, les services que vous souhaitez utiliser, tels que le panier ou la facturation en ligne, ne peuvent vous \u00eatre fournis.<\/li>\n<\/ul>\n<ul>\n<li><strong>Les cookies dits \u00ab performants \u00bb<\/strong> recueillent les informations sur la fa\u00e7on dont les visiteurs utilisent le site (par exemple, sur quelles pages ils se rendent le plus, ou s&rsquo;ils re\u00e7oivent des messages d&rsquo;erreur de pages web). Ces cookies ne recueillent aucune information sur l&rsquo;identit\u00e9 des visiteurs. Toutes les informations recueillies par ces cookies sont rassembl\u00e9es et restent donc anonymes. Leur utilisation est donc strictement r\u00e9serv\u00e9e \u00e0 l&rsquo;am\u00e9lioration du fonctionnement d&rsquo;un site.<\/li>\n<\/ul>\n<ul>\n<li><strong>Les cookies dits \u00ab fonctionnels \u00bb<\/strong> permettent au site de m\u00e9moriser vos choix (comme votre nom d&rsquo;utilisateur, votre langue ou votre localisation) et de vous offrir ainsi de meilleurs services, plus personnalis\u00e9s. Les informations recueillies par ces cookies sont anonymes et ne peuvent pas suivre vos activit\u00e9s de navigation sur d\u2019autres sites.<\/li>\n<\/ul>\n<ul>\n<li><strong>Les cookies dits \u00ab cibl\u00e9s \u00bb<\/strong> servent \u00e0 s\u00e9lectionner des publicit\u00e9s plus pertinentes et proches de vos int\u00e9r\u00eats. Ils servent \u00e9galement \u00e0 limiter le nombre de diffusion d&rsquo;une publicit\u00e9, et aident \u00e0 mesurer l&rsquo;efficacit\u00e9 d&rsquo;une campagne de publicit\u00e9. Ces cookies sont plac\u00e9s par des tiers avec l&rsquo;autorisation de l\u2019exploitant du site. Ils se souviennent de vos visites pr\u00e9c\u00e9dentes et partagent cette information avec d&rsquo;autres organisations telles que des annonceurs. Tr\u00e8s souvent, ces cookies \u00ab cibl\u00e9s \u00bb, ou publicitaires, seront li\u00e9s \u00e0 la fonctionnalit\u00e9 du site fournie par l&rsquo;autre organisation.<\/li>\n<\/ul>\n<p><strong>Nous utilisons des cookies \u00ab\u00a0n\u00e9cessaires\u00a0\u00bb, \u00ab\u00a0performants\u00a0\u00bb et \u00ab\u00a0fonctionnels\u00a0\u00bb, mais \u00e0 aucun moment et pour aucune raison des cookies \u00ab\u00a0cibl\u00e9s\u00a0\u00bb.<\/strong><\/p>\n<h3><strong>Comment contr\u00f4ler l&rsquo;utilisation de vos donn\u00e9es \u00e0 caract\u00e8re personnel ?<\/strong><\/h3>\n<p>Vous avez le droit :<\/p>\n<ul>\n<li>d&rsquo;\u00eatre inform\u00e9 de la fa\u00e7on dont sont trait\u00e9es vos donn\u00e9es \u00e0 caract\u00e8re personnel,<\/li>\n<li>d&rsquo;acc\u00e9der aux donn\u00e9es que nous poss\u00e9dons sur vous et de les rectifier,<\/li>\n<li>de demander \u00e0 recevoir les donn\u00e9es \u00e0 caract\u00e8re personnel que vous nous avez fournies dans un format lisible par machine fr\u00e9quemment utilis\u00e9 et structur\u00e9,<\/li>\n<li>de demander \u00e0 ce que vos donn\u00e9es \u00e0 caract\u00e8re personnel soient effac\u00e9es.<\/li>\n<\/ul>\n<p>Le cas \u00e9ch\u00e9ant, contactez-nous \u00e0 cette adresse mail : info@redseaaccountants.com<\/p>\n<p>Le r\u00e8glement europ\u00e9en g\u00e9n\u00e9ral sur la protection des donn\u00e9es vous donne le droit de porter plainte aupr\u00e8s du commissaire \u00e0 la protection des donn\u00e9es.<\/p>\n<p><strong>De quelle mani\u00e8re pouvez-vous prendre connaissance des modifications apport\u00e9es \u00e0 ce document d&rsquo;information sur les donn\u00e9es \u00e0 caract\u00e8re personnel ?<\/strong><\/p>\n<p>Nous actualiserons r\u00e9guli\u00e8rement ce document d\u2019information.<\/p>\n<p>Nous vous invitons \u00e0 prendre connaissance de la derni\u00e8re version de ce document sur notre site.<\/p>\n<p>&nbsp;<\/p>\n<p>&nbsp;<\/p>\n","protected":false},"excerpt":{"rendered":"<p>Charte de protection des donn\u00e9es personnelles Conform\u00e9ment au r\u00e8glement europ\u00e9en 2016\/679 du 27 avril 2016 (dit \u00ab r\u00e8glement g\u00e9n\u00e9ral sur la protection des donn\u00e9es \u00bb ou RGPD) La pr\u00e9sente charte de protection des donn\u00e9es \u00e0 caract\u00e8re personnel d\u00e9crit l\u2019engagement du site Red Sea Accountants &#8211; \u00e9dit\u00e9 par MR Mamoun en tant que responsable de traitement [&hellip;]<\/p>\n","protected":false},"author":1,"featured_media":0,"parent":0,"menu_order":0,"comment_status":"closed","ping_status":"closed","template":"","meta":{"footnotes":""},"class_list":["post-61","page","type-page","status-publish","czr-hentry"],"yoast_head":"<!-- This site is optimized with the Yoast SEO plugin v27.5 - https:\/\/yoast.com\/product\/yoast-seo-wordpress\/ -->\n<title>Politique de confidentialit\u00e9 - Red Sea Accountants<\/title>\n<meta name=\"robots\" content=\"index, follow, max-snippet:-1, max-image-preview:large, max-video-preview:-1\" \/>\n<link rel=\"canonical\" href=\"https:\/\/www.redseaaccountants.com\/fr\/politique-de-confidentialite\/\" \/>\n<meta property=\"og:locale\" content=\"fr_FR\" \/>\n<meta property=\"og:type\" content=\"article\" \/>\n<meta property=\"og:title\" content=\"Politique de confidentialit\u00e9 - Red Sea Accountants\" \/>\n<meta property=\"og:description\" content=\"Charte de protection des donn\u00e9es personnelles Conform\u00e9ment au r\u00e8glement europ\u00e9en 2016\/679 du 27 avril 2016 (dit \u00ab r\u00e8glement g\u00e9n\u00e9ral sur la protection des donn\u00e9es \u00bb ou RGPD) La pr\u00e9sente charte de protection des donn\u00e9es \u00e0 caract\u00e8re personnel d\u00e9crit l\u2019engagement du site Red Sea Accountants &#8211; \u00e9dit\u00e9 par MR Mamoun en tant que responsable de traitement [&hellip;]\" \/>\n<meta property=\"og:url\" content=\"https:\/\/www.redseaaccountants.com\/fr\/politique-de-confidentialite\/\" \/>\n<meta property=\"og:site_name\" content=\"Red Sea Accountants\" \/>\n<meta property=\"article:modified_time\" content=\"2020-04-15T16:25:56+00:00\" \/>\n<meta name=\"twitter:card\" content=\"summary_large_image\" \/>\n<meta name=\"twitter:label1\" content=\"Dur\u00e9e de lecture estim\u00e9e\" \/>\n\t<meta name=\"twitter:data1\" content=\"6 minutes\" \/>\n<script type=\"application\/ld+json\" class=\"yoast-schema-graph\">{\"@context\":\"https:\\\/\\\/schema.org\",\"@graph\":[{\"@type\":\"WebPage\",\"@id\":\"https:\\\/\\\/www.redseaaccountants.com\\\/fr\\\/politique-de-confidentialite\\\/\",\"url\":\"https:\\\/\\\/www.redseaaccountants.com\\\/fr\\\/politique-de-confidentialite\\\/\",\"name\":\"Politique de confidentialit\u00e9 - Red Sea Accountants\",\"isPartOf\":{\"@id\":\"https:\\\/\\\/www.redseaaccountants.com\\\/fr\\\/#website\"},\"datePublished\":\"2018-07-20T15:36:56+00:00\",\"dateModified\":\"2020-04-15T16:25:56+00:00\",\"breadcrumb\":{\"@id\":\"https:\\\/\\\/www.redseaaccountants.com\\\/fr\\\/politique-de-confidentialite\\\/#breadcrumb\"},\"inLanguage\":\"fr-FR\",\"potentialAction\":[{\"@type\":\"ReadAction\",\"target\":[\"https:\\\/\\\/www.redseaaccountants.com\\\/fr\\\/politique-de-confidentialite\\\/\"]}]},{\"@type\":\"BreadcrumbList\",\"@id\":\"https:\\\/\\\/www.redseaaccountants.com\\\/fr\\\/politique-de-confidentialite\\\/#breadcrumb\",\"itemListElement\":[{\"@type\":\"ListItem\",\"position\":1,\"name\":\"Home\",\"item\":\"https:\\\/\\\/www.redseaaccountants.com\\\/fr\\\/\"},{\"@type\":\"ListItem\",\"position\":2,\"name\":\"Politique de confidentialit\u00e9\"}]},{\"@type\":\"WebSite\",\"@id\":\"https:\\\/\\\/www.redseaaccountants.com\\\/fr\\\/#website\",\"url\":\"https:\\\/\\\/www.redseaaccountants.com\\\/fr\\\/\",\"name\":\"Red Sea Accountants\",\"description\":\"Expertise comptable &amp; Conseils juridique et fiscal \",\"potentialAction\":[{\"@type\":\"SearchAction\",\"target\":{\"@type\":\"EntryPoint\",\"urlTemplate\":\"https:\\\/\\\/www.redseaaccountants.com\\\/fr\\\/?s={search_term_string}\"},\"query-input\":{\"@type\":\"PropertyValueSpecification\",\"valueRequired\":true,\"valueName\":\"search_term_string\"}}],\"inLanguage\":\"fr-FR\"}]}<\/script>\n<!-- \/ Yoast SEO plugin. -->","yoast_head_json":{"title":"Politique de confidentialit\u00e9 - Red Sea Accountants","robots":{"index":"index","follow":"follow","max-snippet":"max-snippet:-1","max-image-preview":"max-image-preview:large","max-video-preview":"max-video-preview:-1"},"canonical":"https:\/\/www.redseaaccountants.com\/fr\/politique-de-confidentialite\/","og_locale":"fr_FR","og_type":"article","og_title":"Politique de confidentialit\u00e9 - Red Sea Accountants","og_description":"Charte de protection des donn\u00e9es personnelles Conform\u00e9ment au r\u00e8glement europ\u00e9en 2016\/679 du 27 avril 2016 (dit \u00ab r\u00e8glement g\u00e9n\u00e9ral sur la protection des donn\u00e9es \u00bb ou RGPD) La pr\u00e9sente charte de protection des donn\u00e9es \u00e0 caract\u00e8re personnel d\u00e9crit l\u2019engagement du site Red Sea Accountants &#8211; \u00e9dit\u00e9 par MR Mamoun en tant que responsable de traitement [&hellip;]","og_url":"https:\/\/www.redseaaccountants.com\/fr\/politique-de-confidentialite\/","og_site_name":"Red Sea Accountants","article_modified_time":"2020-04-15T16:25:56+00:00","twitter_card":"summary_large_image","twitter_misc":{"Dur\u00e9e de lecture estim\u00e9e":"6 minutes"},"schema":{"@context":"https:\/\/schema.org","@graph":[{"@type":"WebPage","@id":"https:\/\/www.redseaaccountants.com\/fr\/politique-de-confidentialite\/","url":"https:\/\/www.redseaaccountants.com\/fr\/politique-de-confidentialite\/","name":"Politique de confidentialit\u00e9 - Red Sea Accountants","isPartOf":{"@id":"https:\/\/www.redseaaccountants.com\/fr\/#website"},"datePublished":"2018-07-20T15:36:56+00:00","dateModified":"2020-04-15T16:25:56+00:00","breadcrumb":{"@id":"https:\/\/www.redseaaccountants.com\/fr\/politique-de-confidentialite\/#breadcrumb"},"inLanguage":"fr-FR","potentialAction":[{"@type":"ReadAction","target":["https:\/\/www.redseaaccountants.com\/fr\/politique-de-confidentialite\/"]}]},{"@type":"BreadcrumbList","@id":"https:\/\/www.redseaaccountants.com\/fr\/politique-de-confidentialite\/#breadcrumb","itemListElement":[{"@type":"ListItem","position":1,"name":"Home","item":"https:\/\/www.redseaaccountants.com\/fr\/"},{"@type":"ListItem","position":2,"name":"Politique de confidentialit\u00e9"}]},{"@type":"WebSite","@id":"https:\/\/www.redseaaccountants.com\/fr\/#website","url":"https:\/\/www.redseaaccountants.com\/fr\/","name":"Red Sea Accountants","description":"Expertise comptable &amp; Conseils juridique et fiscal ","potentialAction":[{"@type":"SearchAction","target":{"@type":"EntryPoint","urlTemplate":"https:\/\/www.redseaaccountants.com\/fr\/?s={search_term_string}"},"query-input":{"@type":"PropertyValueSpecification","valueRequired":true,"valueName":"search_term_string"}}],"inLanguage":"fr-FR"}]}},"_links":{"self":[{"href":"https:\/\/www.redseaaccountants.com\/fr\/wp-json\/wp\/v2\/pages\/61","targetHints":{"allow":["GET"]}}],"collection":[{"href":"https:\/\/www.redseaaccountants.com\/fr\/wp-json\/wp\/v2\/pages"}],"about":[{"href":"https:\/\/www.redseaaccountants.com\/fr\/wp-json\/wp\/v2\/types\/page"}],"author":[{"embeddable":true,"href":"https:\/\/www.redseaaccountants.com\/fr\/wp-json\/wp\/v2\/users\/1"}],"replies":[{"embeddable":true,"href":"https:\/\/www.redseaaccountants.com\/fr\/wp-json\/wp\/v2\/comments?post=61"}],"version-history":[{"count":2,"href":"https:\/\/www.redseaaccountants.com\/fr\/wp-json\/wp\/v2\/pages\/61\/revisions"}],"predecessor-version":[{"id":66,"href":"https:\/\/www.redseaaccountants.com\/fr\/wp-json\/wp\/v2\/pages\/61\/revisions\/66"}],"wp:attachment":[{"href":"https:\/\/www.redseaaccountants.com\/fr\/wp-json\/wp\/v2\/media?parent=61"}],"curies":[{"name":"wp","href":"https:\/\/api.w.org\/{rel}","templated":true}]}}