{"id":6,"date":"2016-05-21T15:25:04","date_gmt":"2016-05-21T14:25:04","guid":{"rendered":"http:\/\/www.redseaaccountants.com\/fr\/?page_id=6"},"modified":"2018-10-15T16:14:47","modified_gmt":"2018-10-15T15:14:47","slug":"bienvenue","status":"publish","type":"page","link":"https:\/\/www.redseaaccountants.com\/fr\/","title":{"rendered":"Bienvenue"},"content":{"rendered":"<p>Notre expertise et exp\u00e9rience nous permettent de conseiller nos clients dans tous les domaines de la comptabilit\u00e9 et des aspects juridiques.<\/p>\n<p>Nos bureaux sont bas\u00e9s \u00e0 Alexandrie et Hurghada, en Egypte.<\/p>\n<p>\u00c9tablis depuis 1950, nos experts comptables r\u00e9pondent \u00e0 vos besoins et vous conseillent, ceci au meilleur co\u00fbt.<\/p>\n<p>Aujourd\u2019hui, plus que jamais, il est indispensable d\u2019obtenir des conseils financiers professionnels et pertinents. Nous offrons des r\u00e9ponses rapides \u00e0 toutes demandes et nous garantissons une information r\u00e9guli\u00e8rement actualis\u00e9e.<\/p>\n<p>Nos clients peuvent se consacrer pleinement \u00e0 leur activit\u00e9 professionnelle sans se soucier de la comptabilit\u00e9.<\/p>\n<p>Voici quelques-uns des services que nous proposons :<\/p>\n<ul>\n<li>Services Comptables<\/li>\n<li>Tenue des registres comptables<\/li>\n<li>Services d\u2019audit<\/li>\n<li>TVA et imp\u00f4ts<\/li>\n<li>Ressources humaines<\/li>\n<li>M\u00e9diation<\/li>\n<li>Services aux PME<\/li>\n<li>Services personnalis\u00e9s<\/li>\n<li>Traductions certifi\u00e9es<\/li>\n<\/ul>\n<p>&nbsp;<\/p>\n<p><em>Premi\u00e8re consultation gratuite<\/em><\/p>\n","protected":false},"excerpt":{"rendered":"<p>Notre expertise et exp\u00e9rience nous permettent de conseiller nos clients dans tous les domaines de la comptabilit\u00e9 et des aspects juridiques. Nos bureaux sont bas\u00e9s \u00e0 Alexandrie et Hurghada, en Egypte. \u00c9tablis depuis 1950, nos experts comptables r\u00e9pondent \u00e0 vos besoins et vous conseillent, ceci au meilleur co\u00fbt. Aujourd\u2019hui, plus que jamais, il est indispensable [&hellip;]<\/p>\n","protected":false},"author":1,"featured_media":0,"parent":0,"menu_order":0,"comment_status":"closed","ping_status":"closed","template":"","meta":{"footnotes":""},"class_list":["post-6","page","type-page","status-publish","czr-hentry"],"yoast_head":"<!-- This site is optimized with the Yoast SEO plugin v27.5 - https:\/\/yoast.com\/product\/yoast-seo-wordpress\/ -->\n<title>Red Sea Accountants. Expertise comptable<\/title>\n<meta name=\"description\" content=\"Nous offrons des services comptables et juridiques pour votre entreprise en Egypte. A Hurghada, pr\u00e8s de la mer Rouge ou \u00e0 Alexandrie, nos experts comptables vous conseillent.\" \/>\n<meta name=\"robots\" content=\"index, follow, max-snippet:-1, max-image-preview:large, max-video-preview:-1\" \/>\n<link rel=\"canonical\" href=\"https:\/\/www.redseaaccountants.com\/fr\/\" \/>\n<meta property=\"og:locale\" content=\"fr_FR\" \/>\n<meta property=\"og:type\" content=\"article\" \/>\n<meta property=\"og:title\" content=\"Red Sea Accountants. Expertise comptable\" \/>\n<meta property=\"og:description\" content=\"Nous offrons des services comptables et juridiques pour votre entreprise en Egypte. A Hurghada, pr\u00e8s de la mer Rouge ou \u00e0 Alexandrie, nos experts comptables vous conseillent.\" \/>\n<meta property=\"og:url\" content=\"https:\/\/www.redseaaccountants.com\/fr\/\" \/>\n<meta property=\"og:site_name\" content=\"Red Sea Accountants\" \/>\n<meta property=\"article:modified_time\" content=\"2018-10-15T15:14:47+00:00\" \/>\n<meta name=\"twitter:card\" content=\"summary_large_image\" \/>\n<meta name=\"twitter:label1\" content=\"Dur\u00e9e de lecture estim\u00e9e\" \/>\n\t<meta name=\"twitter:data1\" content=\"1 minute\" \/>\n<script type=\"application\/ld+json\" class=\"yoast-schema-graph\">{\"@context\":\"https:\\\/\\\/schema.org\",\"@graph\":[{\"@type\":\"WebPage\",\"@id\":\"https:\\\/\\\/www.redseaaccountants.com\\\/fr\\\/\",\"url\":\"https:\\\/\\\/www.redseaaccountants.com\\\/fr\\\/\",\"name\":\"Red Sea Accountants. Expertise comptable\",\"isPartOf\":{\"@id\":\"https:\\\/\\\/www.redseaaccountants.com\\\/fr\\\/#website\"},\"datePublished\":\"2016-05-21T14:25:04+00:00\",\"dateModified\":\"2018-10-15T15:14:47+00:00\",\"description\":\"Nous offrons des services comptables et juridiques pour votre entreprise en Egypte. A Hurghada, pr\u00e8s de la mer Rouge ou \u00e0 Alexandrie, nos experts comptables vous conseillent.\",\"breadcrumb\":{\"@id\":\"https:\\\/\\\/www.redseaaccountants.com\\\/fr\\\/#breadcrumb\"},\"inLanguage\":\"fr-FR\",\"potentialAction\":[{\"@type\":\"ReadAction\",\"target\":[\"https:\\\/\\\/www.redseaaccountants.com\\\/fr\\\/\"]}]},{\"@type\":\"BreadcrumbList\",\"@id\":\"https:\\\/\\\/www.redseaaccountants.com\\\/fr\\\/#breadcrumb\",\"itemListElement\":[{\"@type\":\"ListItem\",\"position\":1,\"name\":\"Home\",\"item\":\"https:\\\/\\\/www.redseaaccountants.com\\\/fr\\\/\"},{\"@type\":\"ListItem\",\"position\":2,\"name\":\"Bienvenue\"}]},{\"@type\":\"WebSite\",\"@id\":\"https:\\\/\\\/www.redseaaccountants.com\\\/fr\\\/#website\",\"url\":\"https:\\\/\\\/www.redseaaccountants.com\\\/fr\\\/\",\"name\":\"Red Sea Accountants\",\"description\":\"Expertise comptable &amp; Conseils juridique et fiscal \",\"potentialAction\":[{\"@type\":\"SearchAction\",\"target\":{\"@type\":\"EntryPoint\",\"urlTemplate\":\"https:\\\/\\\/www.redseaaccountants.com\\\/fr\\\/?s={search_term_string}\"},\"query-input\":{\"@type\":\"PropertyValueSpecification\",\"valueRequired\":true,\"valueName\":\"search_term_string\"}}],\"inLanguage\":\"fr-FR\"}]}<\/script>\n<!-- \/ Yoast SEO plugin. -->","yoast_head_json":{"title":"Red Sea Accountants. Expertise comptable","description":"Nous offrons des services comptables et juridiques pour votre entreprise en Egypte. A Hurghada, pr\u00e8s de la mer Rouge ou \u00e0 Alexandrie, nos experts comptables vous conseillent.","robots":{"index":"index","follow":"follow","max-snippet":"max-snippet:-1","max-image-preview":"max-image-preview:large","max-video-preview":"max-video-preview:-1"},"canonical":"https:\/\/www.redseaaccountants.com\/fr\/","og_locale":"fr_FR","og_type":"article","og_title":"Red Sea Accountants. Expertise comptable","og_description":"Nous offrons des services comptables et juridiques pour votre entreprise en Egypte. A Hurghada, pr\u00e8s de la mer Rouge ou \u00e0 Alexandrie, nos experts comptables vous conseillent.","og_url":"https:\/\/www.redseaaccountants.com\/fr\/","og_site_name":"Red Sea Accountants","article_modified_time":"2018-10-15T15:14:47+00:00","twitter_card":"summary_large_image","twitter_misc":{"Dur\u00e9e de lecture estim\u00e9e":"1 minute"},"schema":{"@context":"https:\/\/schema.org","@graph":[{"@type":"WebPage","@id":"https:\/\/www.redseaaccountants.com\/fr\/","url":"https:\/\/www.redseaaccountants.com\/fr\/","name":"Red Sea Accountants. Expertise comptable","isPartOf":{"@id":"https:\/\/www.redseaaccountants.com\/fr\/#website"},"datePublished":"2016-05-21T14:25:04+00:00","dateModified":"2018-10-15T15:14:47+00:00","description":"Nous offrons des services comptables et juridiques pour votre entreprise en Egypte. A Hurghada, pr\u00e8s de la mer Rouge ou \u00e0 Alexandrie, nos experts comptables vous conseillent.","breadcrumb":{"@id":"https:\/\/www.redseaaccountants.com\/fr\/#breadcrumb"},"inLanguage":"fr-FR","potentialAction":[{"@type":"ReadAction","target":["https:\/\/www.redseaaccountants.com\/fr\/"]}]},{"@type":"BreadcrumbList","@id":"https:\/\/www.redseaaccountants.com\/fr\/#breadcrumb","itemListElement":[{"@type":"ListItem","position":1,"name":"Home","item":"https:\/\/www.redseaaccountants.com\/fr\/"},{"@type":"ListItem","position":2,"name":"Bienvenue"}]},{"@type":"WebSite","@id":"https:\/\/www.redseaaccountants.com\/fr\/#website","url":"https:\/\/www.redseaaccountants.com\/fr\/","name":"Red Sea Accountants","description":"Expertise comptable &amp; Conseils juridique et fiscal ","potentialAction":[{"@type":"SearchAction","target":{"@type":"EntryPoint","urlTemplate":"https:\/\/www.redseaaccountants.com\/fr\/?s={search_term_string}"},"query-input":{"@type":"PropertyValueSpecification","valueRequired":true,"valueName":"search_term_string"}}],"inLanguage":"fr-FR"}]}},"_links":{"self":[{"href":"https:\/\/www.redseaaccountants.com\/fr\/wp-json\/wp\/v2\/pages\/6","targetHints":{"allow":["GET"]}}],"collection":[{"href":"https:\/\/www.redseaaccountants.com\/fr\/wp-json\/wp\/v2\/pages"}],"about":[{"href":"https:\/\/www.redseaaccountants.com\/fr\/wp-json\/wp\/v2\/types\/page"}],"author":[{"embeddable":true,"href":"https:\/\/www.redseaaccountants.com\/fr\/wp-json\/wp\/v2\/users\/1"}],"replies":[{"embeddable":true,"href":"https:\/\/www.redseaaccountants.com\/fr\/wp-json\/wp\/v2\/comments?post=6"}],"version-history":[{"count":6,"href":"https:\/\/www.redseaaccountants.com\/fr\/wp-json\/wp\/v2\/pages\/6\/revisions"}],"predecessor-version":[{"id":35,"href":"https:\/\/www.redseaaccountants.com\/fr\/wp-json\/wp\/v2\/pages\/6\/revisions\/35"}],"wp:attachment":[{"href":"https:\/\/www.redseaaccountants.com\/fr\/wp-json\/wp\/v2\/media?parent=6"}],"curies":[{"name":"wp","href":"https:\/\/api.w.org\/{rel}","templated":true}]}}