{"id":20,"date":"2016-09-01T17:13:37","date_gmt":"2016-09-01T16:13:37","guid":{"rendered":"http:\/\/www.redseaaccountants.com\/fr\/?page_id=20"},"modified":"2016-09-05T10:09:08","modified_gmt":"2016-09-05T09:09:08","slug":"nos-services","status":"publish","type":"page","link":"https:\/\/www.redseaaccountants.com\/fr\/nos-services\/","title":{"rendered":"Nos services"},"content":{"rendered":"<h2>Un large \u00e9ventail de services comptables et juridiques<\/h2>\n<p>Nos services sont \u00e0 la fois comp\u00e9titifs et de qualit\u00e9.<\/p>\n<p>Voici une liste non exhaustive des services que nous proposons :<\/p>\n<div class='content-column one_half'><h3>Comptabilit\u00e9<\/h3>\n<ul>\n<li>Tr\u00e9sorerie<\/li>\n<li>Livres de comptes<\/li>\n<li>General Ledger Entries<\/li>\n<li>Rapprochement bancaire<\/li>\n<li>Budget pr\u00e9visionnel<\/li>\n<li>Analyses budg\u00e9taire et financi\u00e8re<\/li>\n<\/ul>\n<h3>Taxes<\/h3>\n<ul>\n<li>TVA<\/li>\n<li>Droits de timbre<\/li>\n<li>Taxes<\/li>\n<li>Imp\u00f4ts<\/li>\n<li>Pr\u00e9l\u00e8vement lib\u00e9ratoire<\/li>\n<li>Pr\u00e9visionnel\n<ul>\n<li>Individuel<\/li>\n<li>Soci\u00e9t\u00e9s<\/li>\n<li>International<\/li>\n<li>IRS and State\/Local Representation<\/li>\n<\/ul>\n<\/li>\n<\/ul>\n<p>&nbsp;<\/p>\n<h3>Expertises comptable et juridique<\/h3>\n<ul>\n<li>Analyse financi\u00e8re<\/li>\n<li>Juricomptable<\/li>\n<li>Management<\/li>\n<\/ul>\n<h3>Gestion des salaires<\/h3>\n<ul>\n<li>Avantages salariaux<\/li>\n<li>Pension<\/li>\n<\/ul><\/div>\n<div class='content-column one_half last_column'><h3>Bank Relationships and Financing<\/h3>\n<h3>\u00c9valuation des entreprises<\/h3>\n<h3>Fusions &amp; Acquisitions<\/h3>\n<h3>Services pour les PME<\/h3>\n<h3>Services individuels<\/h3>\n<ul>\n<li>Budget financier<\/li>\n<li>Endettement<\/li>\n<li>Planification de la retraite<\/li>\n<\/ul><\/div><div class='clear_column'><\/div>\n","protected":false},"excerpt":{"rendered":"<p>Une liste non exhaustive de nos services comptables et juridiques<\/p>\n","protected":false},"author":1,"featured_media":0,"parent":0,"menu_order":0,"comment_status":"closed","ping_status":"closed","template":"","meta":{"footnotes":""},"class_list":["post-20","page","type-page","status-publish","czr-hentry"],"yoast_head":"<!-- This site is optimized with the Yoast SEO plugin v27.5 - https:\/\/yoast.com\/product\/yoast-seo-wordpress\/ -->\n<title>Nos services - Red Sea Accountants<\/title>\n<meta name=\"description\" content=\"Un large \u00e9ventail de services comptables et juridiques. Nos services sont \u00e0 la fois comp\u00e9titifs et de qualit\u00e9.\" \/>\n<meta name=\"robots\" content=\"index, follow, max-snippet:-1, max-image-preview:large, max-video-preview:-1\" \/>\n<link rel=\"canonical\" href=\"https:\/\/www.redseaaccountants.com\/fr\/nos-services\/\" \/>\n<meta property=\"og:locale\" content=\"fr_FR\" \/>\n<meta property=\"og:type\" content=\"article\" \/>\n<meta property=\"og:title\" content=\"Nos services - Red Sea Accountants\" \/>\n<meta property=\"og:description\" content=\"Un large \u00e9ventail de services comptables et juridiques. Nos services sont \u00e0 la fois comp\u00e9titifs et de qualit\u00e9.\" \/>\n<meta property=\"og:url\" content=\"https:\/\/www.redseaaccountants.com\/fr\/nos-services\/\" \/>\n<meta property=\"og:site_name\" content=\"Red Sea Accountants\" \/>\n<meta property=\"article:modified_time\" content=\"2016-09-05T09:09:08+00:00\" \/>\n<meta name=\"twitter:card\" content=\"summary_large_image\" \/>\n<meta name=\"twitter:label1\" content=\"Dur\u00e9e de lecture estim\u00e9e\" \/>\n\t<meta name=\"twitter:data1\" content=\"1 minute\" \/>\n<script type=\"application\/ld+json\" class=\"yoast-schema-graph\">{\"@context\":\"https:\\\/\\\/schema.org\",\"@graph\":[{\"@type\":\"WebPage\",\"@id\":\"https:\\\/\\\/www.redseaaccountants.com\\\/fr\\\/nos-services\\\/\",\"url\":\"https:\\\/\\\/www.redseaaccountants.com\\\/fr\\\/nos-services\\\/\",\"name\":\"Nos services - Red Sea Accountants\",\"isPartOf\":{\"@id\":\"https:\\\/\\\/www.redseaaccountants.com\\\/fr\\\/#website\"},\"datePublished\":\"2016-09-01T16:13:37+00:00\",\"dateModified\":\"2016-09-05T09:09:08+00:00\",\"description\":\"Un large \u00e9ventail de services comptables et juridiques. Nos services sont \u00e0 la fois comp\u00e9titifs et de qualit\u00e9.\",\"breadcrumb\":{\"@id\":\"https:\\\/\\\/www.redseaaccountants.com\\\/fr\\\/nos-services\\\/#breadcrumb\"},\"inLanguage\":\"fr-FR\",\"potentialAction\":[{\"@type\":\"ReadAction\",\"target\":[\"https:\\\/\\\/www.redseaaccountants.com\\\/fr\\\/nos-services\\\/\"]}]},{\"@type\":\"BreadcrumbList\",\"@id\":\"https:\\\/\\\/www.redseaaccountants.com\\\/fr\\\/nos-services\\\/#breadcrumb\",\"itemListElement\":[{\"@type\":\"ListItem\",\"position\":1,\"name\":\"Home\",\"item\":\"https:\\\/\\\/www.redseaaccountants.com\\\/fr\\\/\"},{\"@type\":\"ListItem\",\"position\":2,\"name\":\"Nos services\"}]},{\"@type\":\"WebSite\",\"@id\":\"https:\\\/\\\/www.redseaaccountants.com\\\/fr\\\/#website\",\"url\":\"https:\\\/\\\/www.redseaaccountants.com\\\/fr\\\/\",\"name\":\"Red Sea Accountants\",\"description\":\"Expertise comptable &amp; Conseils juridique et fiscal \",\"potentialAction\":[{\"@type\":\"SearchAction\",\"target\":{\"@type\":\"EntryPoint\",\"urlTemplate\":\"https:\\\/\\\/www.redseaaccountants.com\\\/fr\\\/?s={search_term_string}\"},\"query-input\":{\"@type\":\"PropertyValueSpecification\",\"valueRequired\":true,\"valueName\":\"search_term_string\"}}],\"inLanguage\":\"fr-FR\"}]}<\/script>\n<!-- \/ Yoast SEO plugin. -->","yoast_head_json":{"title":"Nos services - Red Sea Accountants","description":"Un large \u00e9ventail de services comptables et juridiques. Nos services sont \u00e0 la fois comp\u00e9titifs et de qualit\u00e9.","robots":{"index":"index","follow":"follow","max-snippet":"max-snippet:-1","max-image-preview":"max-image-preview:large","max-video-preview":"max-video-preview:-1"},"canonical":"https:\/\/www.redseaaccountants.com\/fr\/nos-services\/","og_locale":"fr_FR","og_type":"article","og_title":"Nos services - Red Sea Accountants","og_description":"Un large \u00e9ventail de services comptables et juridiques. Nos services sont \u00e0 la fois comp\u00e9titifs et de qualit\u00e9.","og_url":"https:\/\/www.redseaaccountants.com\/fr\/nos-services\/","og_site_name":"Red Sea Accountants","article_modified_time":"2016-09-05T09:09:08+00:00","twitter_card":"summary_large_image","twitter_misc":{"Dur\u00e9e de lecture estim\u00e9e":"1 minute"},"schema":{"@context":"https:\/\/schema.org","@graph":[{"@type":"WebPage","@id":"https:\/\/www.redseaaccountants.com\/fr\/nos-services\/","url":"https:\/\/www.redseaaccountants.com\/fr\/nos-services\/","name":"Nos services - Red Sea Accountants","isPartOf":{"@id":"https:\/\/www.redseaaccountants.com\/fr\/#website"},"datePublished":"2016-09-01T16:13:37+00:00","dateModified":"2016-09-05T09:09:08+00:00","description":"Un large \u00e9ventail de services comptables et juridiques. Nos services sont \u00e0 la fois comp\u00e9titifs et de qualit\u00e9.","breadcrumb":{"@id":"https:\/\/www.redseaaccountants.com\/fr\/nos-services\/#breadcrumb"},"inLanguage":"fr-FR","potentialAction":[{"@type":"ReadAction","target":["https:\/\/www.redseaaccountants.com\/fr\/nos-services\/"]}]},{"@type":"BreadcrumbList","@id":"https:\/\/www.redseaaccountants.com\/fr\/nos-services\/#breadcrumb","itemListElement":[{"@type":"ListItem","position":1,"name":"Home","item":"https:\/\/www.redseaaccountants.com\/fr\/"},{"@type":"ListItem","position":2,"name":"Nos services"}]},{"@type":"WebSite","@id":"https:\/\/www.redseaaccountants.com\/fr\/#website","url":"https:\/\/www.redseaaccountants.com\/fr\/","name":"Red Sea Accountants","description":"Expertise comptable &amp; Conseils juridique et fiscal ","potentialAction":[{"@type":"SearchAction","target":{"@type":"EntryPoint","urlTemplate":"https:\/\/www.redseaaccountants.com\/fr\/?s={search_term_string}"},"query-input":{"@type":"PropertyValueSpecification","valueRequired":true,"valueName":"search_term_string"}}],"inLanguage":"fr-FR"}]}},"_links":{"self":[{"href":"https:\/\/www.redseaaccountants.com\/fr\/wp-json\/wp\/v2\/pages\/20","targetHints":{"allow":["GET"]}}],"collection":[{"href":"https:\/\/www.redseaaccountants.com\/fr\/wp-json\/wp\/v2\/pages"}],"about":[{"href":"https:\/\/www.redseaaccountants.com\/fr\/wp-json\/wp\/v2\/types\/page"}],"author":[{"embeddable":true,"href":"https:\/\/www.redseaaccountants.com\/fr\/wp-json\/wp\/v2\/users\/1"}],"replies":[{"embeddable":true,"href":"https:\/\/www.redseaaccountants.com\/fr\/wp-json\/wp\/v2\/comments?post=20"}],"version-history":[{"count":3,"href":"https:\/\/www.redseaaccountants.com\/fr\/wp-json\/wp\/v2\/pages\/20\/revisions"}],"predecessor-version":[{"id":47,"href":"https:\/\/www.redseaaccountants.com\/fr\/wp-json\/wp\/v2\/pages\/20\/revisions\/47"}],"wp:attachment":[{"href":"https:\/\/www.redseaaccountants.com\/fr\/wp-json\/wp\/v2\/media?parent=20"}],"curies":[{"name":"wp","href":"https:\/\/api.w.org\/{rel}","templated":true}]}}