{"id":12,"date":"2016-05-21T15:37:09","date_gmt":"2016-05-21T14:37:09","guid":{"rendered":"http:\/\/www.redseaaccountants.com\/fr\/?page_id=12"},"modified":"2018-10-15T16:10:15","modified_gmt":"2018-10-15T15:10:15","slug":"nos-bureaux","status":"publish","type":"page","link":"https:\/\/www.redseaaccountants.com\/fr\/nos-bureaux\/","title":{"rendered":"Nos bureaux"},"content":{"rendered":"<p><strong>M. Mamoun<\/strong><\/p>\n<p><em>Expert comptable et conseiller juridique<\/em><\/p>\n<p><em>Expert reconnu \u00e0 la cour \u00e9gyptienne<\/em><\/p>\n<p><em>Conseils comptables et juriques<br \/>\n<\/em><\/p>\n<p>&nbsp;<\/p>\n<p><strong>\u00c9tablit depuis 1950.<\/strong><\/p>\n<div class='content-column one_half'><h2>Alexandrie :<\/h2>\n<p>121 Ismail Mehana Street<br \/>\nAttareen<\/p>\n<p><strong>Alexandria<br \/>\n<\/strong>Egypt<br \/>\nTel: + 20 100 57 24 051<br \/>\n+ 20 3 39 32 774 \/ +20 3 39 32 704<br \/>\n<iframe loading=\"lazy\" style=\"border: 0;\" src=\"https:\/\/www.google.com\/maps\/embed?pb=!1m18!1m12!1m3!1d3412.9911701012584!2d29.899656915142582!3d31.193258181479028!2m3!1f0!2f0!3f0!3m2!1i1024!2i768!4f13.1!3m3!1m2!1s0x14f5c3eba9c5a78d%3A0xd7a366d57222b26c!2s121+Ismail+Mahana%2C+As+Souri%2C+Qesm+Al+Attarin%2C+Alexandria+Governorate%2C+%C3%89gypte!5e0!3m2!1sfr!2sfr!4v1472746628636\" width=\"600\" height=\"450\" frameborder=\"0\" allowfullscreen=\"allowfullscreen\"><\/iframe><\/p><\/div>\n<div class='content-column one_half last_column'><h2>Hurghada :<\/h2>\n<p>Hadba shamalia, Kuwait &amp; Egyptian compound nr 17<\/p>\n<p><strong>Hurghada<\/strong><\/p>\n<p>Egypt<\/p>\n<p>Tel: + 20 100 57 24 051<\/p>\n<p><iframe loading=\"lazy\" style=\"border: 0;\" src=\"https:\/\/www.google.com\/maps\/embed?pb=!1m18!1m12!1m3!1d3562.230774141832!2d33.8390705611312!3d27.20753233382552!2m3!1f0!2f0!3f0!3m2!1i1024!2i768!4f13.1!3m3!1m2!1s0x14528702da5c94c5%3A0x76b85717f7850c8e!2sRed+Sea+Accountants!5e1!3m2!1sfr!2sfr!4v1539616031320\" width=\"600\" height=\"450\" frameborder=\"0\" allowfullscreen=\"allowfullscreen\"><\/iframe><\/p><\/div><div class='clear_column'><\/div>\n","protected":false},"excerpt":{"rendered":"<p>M. Mamoun Expert comptable et conseiller juridique Expert reconnu \u00e0 la cour \u00e9gyptienne Conseils comptables et juriques &nbsp; \u00c9tablit depuis 1950.<\/p>\n","protected":false},"author":1,"featured_media":0,"parent":0,"menu_order":0,"comment_status":"closed","ping_status":"closed","template":"","meta":{"footnotes":""},"class_list":["post-12","page","type-page","status-publish","czr-hentry"],"yoast_head":"<!-- This site is optimized with the Yoast SEO plugin v27.5 - https:\/\/yoast.com\/product\/yoast-seo-wordpress\/ -->\n<title>Les bureaux de Red Sea Accountants<\/title>\n<meta name=\"description\" content=\"Nous disposons de deux cabinets d&#039;expertise comptable et financi\u00e8re en Egypte, situ\u00e9s \u00e0 Alexandrie et \u00e0 Hurghada.\" \/>\n<meta name=\"robots\" content=\"index, follow, max-snippet:-1, max-image-preview:large, max-video-preview:-1\" \/>\n<link rel=\"canonical\" href=\"https:\/\/www.redseaaccountants.com\/fr\/nos-bureaux\/\" \/>\n<meta property=\"og:locale\" content=\"fr_FR\" \/>\n<meta property=\"og:type\" content=\"article\" \/>\n<meta property=\"og:title\" content=\"Les bureaux de Red Sea Accountants\" \/>\n<meta property=\"og:description\" content=\"Nous disposons de deux cabinets d&#039;expertise comptable et financi\u00e8re en Egypte, situ\u00e9s \u00e0 Alexandrie et \u00e0 Hurghada.\" \/>\n<meta property=\"og:url\" content=\"https:\/\/www.redseaaccountants.com\/fr\/nos-bureaux\/\" \/>\n<meta property=\"og:site_name\" content=\"Red Sea Accountants\" \/>\n<meta property=\"article:modified_time\" content=\"2018-10-15T15:10:15+00:00\" \/>\n<meta name=\"twitter:card\" content=\"summary_large_image\" \/>\n<script type=\"application\/ld+json\" class=\"yoast-schema-graph\">{\"@context\":\"https:\\\/\\\/schema.org\",\"@graph\":[{\"@type\":\"WebPage\",\"@id\":\"https:\\\/\\\/www.redseaaccountants.com\\\/fr\\\/nos-bureaux\\\/\",\"url\":\"https:\\\/\\\/www.redseaaccountants.com\\\/fr\\\/nos-bureaux\\\/\",\"name\":\"Les bureaux de Red Sea Accountants\",\"isPartOf\":{\"@id\":\"https:\\\/\\\/www.redseaaccountants.com\\\/fr\\\/#website\"},\"datePublished\":\"2016-05-21T14:37:09+00:00\",\"dateModified\":\"2018-10-15T15:10:15+00:00\",\"description\":\"Nous disposons de deux cabinets d'expertise comptable et financi\u00e8re en Egypte, situ\u00e9s \u00e0 Alexandrie et \u00e0 Hurghada.\",\"breadcrumb\":{\"@id\":\"https:\\\/\\\/www.redseaaccountants.com\\\/fr\\\/nos-bureaux\\\/#breadcrumb\"},\"inLanguage\":\"fr-FR\",\"potentialAction\":[{\"@type\":\"ReadAction\",\"target\":[\"https:\\\/\\\/www.redseaaccountants.com\\\/fr\\\/nos-bureaux\\\/\"]}]},{\"@type\":\"BreadcrumbList\",\"@id\":\"https:\\\/\\\/www.redseaaccountants.com\\\/fr\\\/nos-bureaux\\\/#breadcrumb\",\"itemListElement\":[{\"@type\":\"ListItem\",\"position\":1,\"name\":\"Home\",\"item\":\"https:\\\/\\\/www.redseaaccountants.com\\\/fr\\\/\"},{\"@type\":\"ListItem\",\"position\":2,\"name\":\"Nos bureaux\"}]},{\"@type\":\"WebSite\",\"@id\":\"https:\\\/\\\/www.redseaaccountants.com\\\/fr\\\/#website\",\"url\":\"https:\\\/\\\/www.redseaaccountants.com\\\/fr\\\/\",\"name\":\"Red Sea Accountants\",\"description\":\"Expertise comptable &amp; Conseils juridique et fiscal \",\"potentialAction\":[{\"@type\":\"SearchAction\",\"target\":{\"@type\":\"EntryPoint\",\"urlTemplate\":\"https:\\\/\\\/www.redseaaccountants.com\\\/fr\\\/?s={search_term_string}\"},\"query-input\":{\"@type\":\"PropertyValueSpecification\",\"valueRequired\":true,\"valueName\":\"search_term_string\"}}],\"inLanguage\":\"fr-FR\"}]}<\/script>\n<!-- \/ Yoast SEO plugin. -->","yoast_head_json":{"title":"Les bureaux de Red Sea Accountants","description":"Nous disposons de deux cabinets d'expertise comptable et financi\u00e8re en Egypte, situ\u00e9s \u00e0 Alexandrie et \u00e0 Hurghada.","robots":{"index":"index","follow":"follow","max-snippet":"max-snippet:-1","max-image-preview":"max-image-preview:large","max-video-preview":"max-video-preview:-1"},"canonical":"https:\/\/www.redseaaccountants.com\/fr\/nos-bureaux\/","og_locale":"fr_FR","og_type":"article","og_title":"Les bureaux de Red Sea Accountants","og_description":"Nous disposons de deux cabinets d'expertise comptable et financi\u00e8re en Egypte, situ\u00e9s \u00e0 Alexandrie et \u00e0 Hurghada.","og_url":"https:\/\/www.redseaaccountants.com\/fr\/nos-bureaux\/","og_site_name":"Red Sea Accountants","article_modified_time":"2018-10-15T15:10:15+00:00","twitter_card":"summary_large_image","schema":{"@context":"https:\/\/schema.org","@graph":[{"@type":"WebPage","@id":"https:\/\/www.redseaaccountants.com\/fr\/nos-bureaux\/","url":"https:\/\/www.redseaaccountants.com\/fr\/nos-bureaux\/","name":"Les bureaux de Red Sea Accountants","isPartOf":{"@id":"https:\/\/www.redseaaccountants.com\/fr\/#website"},"datePublished":"2016-05-21T14:37:09+00:00","dateModified":"2018-10-15T15:10:15+00:00","description":"Nous disposons de deux cabinets d'expertise comptable et financi\u00e8re en Egypte, situ\u00e9s \u00e0 Alexandrie et \u00e0 Hurghada.","breadcrumb":{"@id":"https:\/\/www.redseaaccountants.com\/fr\/nos-bureaux\/#breadcrumb"},"inLanguage":"fr-FR","potentialAction":[{"@type":"ReadAction","target":["https:\/\/www.redseaaccountants.com\/fr\/nos-bureaux\/"]}]},{"@type":"BreadcrumbList","@id":"https:\/\/www.redseaaccountants.com\/fr\/nos-bureaux\/#breadcrumb","itemListElement":[{"@type":"ListItem","position":1,"name":"Home","item":"https:\/\/www.redseaaccountants.com\/fr\/"},{"@type":"ListItem","position":2,"name":"Nos bureaux"}]},{"@type":"WebSite","@id":"https:\/\/www.redseaaccountants.com\/fr\/#website","url":"https:\/\/www.redseaaccountants.com\/fr\/","name":"Red Sea Accountants","description":"Expertise comptable &amp; Conseils juridique et fiscal ","potentialAction":[{"@type":"SearchAction","target":{"@type":"EntryPoint","urlTemplate":"https:\/\/www.redseaaccountants.com\/fr\/?s={search_term_string}"},"query-input":{"@type":"PropertyValueSpecification","valueRequired":true,"valueName":"search_term_string"}}],"inLanguage":"fr-FR"}]}},"_links":{"self":[{"href":"https:\/\/www.redseaaccountants.com\/fr\/wp-json\/wp\/v2\/pages\/12","targetHints":{"allow":["GET"]}}],"collection":[{"href":"https:\/\/www.redseaaccountants.com\/fr\/wp-json\/wp\/v2\/pages"}],"about":[{"href":"https:\/\/www.redseaaccountants.com\/fr\/wp-json\/wp\/v2\/types\/page"}],"author":[{"embeddable":true,"href":"https:\/\/www.redseaaccountants.com\/fr\/wp-json\/wp\/v2\/users\/1"}],"replies":[{"embeddable":true,"href":"https:\/\/www.redseaaccountants.com\/fr\/wp-json\/wp\/v2\/comments?post=12"}],"version-history":[{"count":11,"href":"https:\/\/www.redseaaccountants.com\/fr\/wp-json\/wp\/v2\/pages\/12\/revisions"}],"predecessor-version":[{"id":64,"href":"https:\/\/www.redseaaccountants.com\/fr\/wp-json\/wp\/v2\/pages\/12\/revisions\/64"}],"wp:attachment":[{"href":"https:\/\/www.redseaaccountants.com\/fr\/wp-json\/wp\/v2\/media?parent=12"}],"curies":[{"name":"wp","href":"https:\/\/api.w.org\/{rel}","templated":true}]}}